{"id":1741,"date":"2026-04-29T00:35:07","date_gmt":"2026-04-29T00:35:07","guid":{"rendered":"https:\/\/unique-garages.com\/?page_id=1741"},"modified":"2026-04-29T01:16:00","modified_gmt":"2026-04-29T01:16:00","slug":"arbeitsweise","status":"publish","type":"page","link":"https:\/\/unique-garages.com\/en\/arbeitsweise\/","title":{"rendered":"Working method"},"content":{"rendered":"\t\t<div data-elementor-type=\"wp-page\" data-elementor-id=\"1741\" class=\"elementor elementor-1741\" data-elementor-post-type=\"page\">\n\t\t\t\t<div class=\"elementor-element elementor-element-7e0538e e-flex e-con-boxed e-con e-parent\" data-id=\"7e0538e\" data-element_type=\"container\">\n\t\t\t\t\t<div class=\"e-con-inner\">\n\t\t\t\t<div class=\"elementor-element elementor-element-29d6baf8 elementor-widget elementor-widget-heading\" data-id=\"29d6baf8\" data-element_type=\"widget\" data-widget_type=\"heading.default\">\n\t\t\t\t<div class=\"elementor-widget-container\">\n\t\t\t\t\t<h1 class=\"elementor-heading-title elementor-size-default\">Sie haben Fragen<\/h1>\t\t\t\t<\/div>\n\t\t\t\t<\/div>\n\t\t\t\t<div class=\"elementor-element elementor-element-1db754e elementor-widget elementor-widget-heading\" data-id=\"1db754e\" data-element_type=\"widget\" data-widget_type=\"heading.default\">\n\t\t\t\t<div class=\"elementor-widget-container\">\n\t\t\t\t\t<h3 class=\"elementor-heading-title elementor-size-default\">Wir haben Antworten<\/h3>\t\t\t\t<\/div>\n\t\t\t\t<\/div>\n\t\t\t\t\t<\/div>\n\t\t\t\t<\/div>\n\t\t<div class=\"elementor-element elementor-element-d7387d8 e-flex e-con-boxed e-con e-parent\" data-id=\"d7387d8\" data-element_type=\"container\">\n\t\t\t\t\t<div class=\"e-con-inner\">\n\t\t\t\t<div class=\"elementor-element elementor-element-bd41bb5 elementor-widget-divider--view-line elementor-widget elementor-widget-divider\" data-id=\"bd41bb5\" data-element_type=\"widget\" data-widget_type=\"divider.default\">\n\t\t\t\t<div class=\"elementor-widget-container\">\n\t\t\t\t\t\t\t<div class=\"elementor-divider\">\n\t\t\t<span class=\"elementor-divider-separator\">\n\t\t\t\t\t\t<\/span>\n\t\t<\/div>\n\t\t\t\t\t\t<\/div>\n\t\t\t\t<\/div>\n\t\t\t\t<div class=\"elementor-element elementor-element-5db2ad0 elementor-widget elementor-widget-heading\" data-id=\"5db2ad0\" data-element_type=\"widget\" data-widget_type=\"heading.default\">\n\t\t\t\t<div class=\"elementor-widget-container\">\n\t\t\t\t\t<h2 class=\"elementor-heading-title elementor-size-default\">Hier finden Sie die wichtigsten Informationen rund um unsere Arbeitsweise, unser Leistungsangebot und den Weg zu Ihrem Projekt. Sollte Ihre Frage nicht dabei sein, sprechen Sie uns gerne direkt an oder schreiben Sie uns.<\/h2>\t\t\t\t<\/div>\n\t\t\t\t<\/div>\n\t\t\t\t\t<\/div>\n\t\t\t\t<\/div>\n\t\t<div class=\"elementor-element elementor-element-b85c289 e-flex e-con-boxed e-con e-parent\" data-id=\"b85c289\" data-element_type=\"container\" data-settings=\"{&quot;background_background&quot;:&quot;classic&quot;}\">\n\t\t\t\t\t<div class=\"e-con-inner\">\n\t\t\t\t<div class=\"elementor-element elementor-element-017830e elementor-widget elementor-widget-n-accordion\" data-id=\"017830e\" data-element_type=\"widget\" data-settings=\"{&quot;default_state&quot;:&quot;expanded&quot;,&quot;max_items_expended&quot;:&quot;one&quot;,&quot;n_accordion_animation_duration&quot;:{&quot;unit&quot;:&quot;ms&quot;,&quot;size&quot;:400,&quot;sizes&quot;:[]}}\" data-widget_type=\"nested-accordion.default\">\n\t\t\t\t<div class=\"elementor-widget-container\">\n\t\t\t\t\t\t\t<div class=\"e-n-accordion\" aria-label=\"Accordion. Open links with Enter or Space, close with Escape, and navigate with Arrow Keys\">\n\t\t\t\t\t\t<details id=\"e-n-accordion-item-1540\" class=\"e-n-accordion-item\" open>\n\t\t\t\t<summary class=\"e-n-accordion-item-title\" data-accordion-index=\"1\" tabindex=\"0\" aria-expanded=\"true\" aria-controls=\"e-n-accordion-item-1540\" >\n\t\t\t\t\t<span class='e-n-accordion-item-title-header'><div class=\"e-n-accordion-item-title-text\"> F\u00fcr wen ist UNIQUE Garages das Richtige? <\/div><\/span>\n\t\t\t\t\t\t\t<span class='e-n-accordion-item-title-icon'>\n\t\t\t<span class='e-opened' ><svg aria-hidden=\"true\" class=\"e-font-icon-svg e-fas-minus\" viewBox=\"0 0 448 512\" xmlns=\"http:\/\/www.w3.org\/2000\/svg\"><path d=\"M416 208H32c-17.67 0-32 14.33-32 32v32c0 17.67 14.33 32 32 32h384c17.67 0 32-14.33 32-32v-32c0-17.67-14.33-32-32-32z\"><\/path><\/svg><\/span>\n\t\t\t<span class='e-closed'><svg aria-hidden=\"true\" class=\"e-font-icon-svg e-fas-plus\" viewBox=\"0 0 448 512\" xmlns=\"http:\/\/www.w3.org\/2000\/svg\"><path d=\"M416 208H272V64c0-17.67-14.33-32-32-32h-32c-17.67 0-32 14.33-32 32v144H32c-17.67 0-32 14.33-32 32v32c0 17.67 14.33 32 32 32h144v144c0 17.67 14.33 32 32 32h32c17.67 0 32-14.33 32-32V304h144c17.67 0 32-14.33 32-32v-32c0-17.67-14.33-32-32-32z\"><\/path><\/svg><\/span>\n\t\t<\/span>\n\n\t\t\t\t\t\t<\/summary>\n\t\t\t\t<div role=\"region\" aria-labelledby=\"e-n-accordion-item-1540\" class=\"elementor-element elementor-element-e27c0f3 e-con-full e-flex e-con e-child\" data-id=\"e27c0f3\" data-element_type=\"container\" data-settings=\"{&quot;background_background&quot;:&quot;gradient&quot;}\">\n\t\t\t\t<div class=\"elementor-element elementor-element-5f6af0f elementor-widget elementor-widget-text-editor\" data-id=\"5f6af0f\" data-element_type=\"widget\" data-widget_type=\"text-editor.default\">\n\t\t\t\t<div class=\"elementor-widget-container\">\n\t\t\t\t\t\t\t\t\t<p>UNIQUE Garages richtet sich an anspruchsvolle Sammler und Automobilenthusiasten, die ihre Fahrzeuge nicht nur parken, sondern in einem exklusiven Rahmen inszenieren m\u00f6chten. Unsere Kunden sch\u00e4tzen h\u00f6chste Qualit\u00e4t, individuelles Design und die nahtlose Verbindung von Architektur, Technik und \u00c4sthetik.\u00a0<\/p><p>Ob Sie eine Event-Garage mit Heimkino und Bar planen, eine luxuri\u00f6se Sammlerhalle konzipieren oder Ihre automobile Leidenschaft mit anspruchsvoller Wohnkultur verschmelzen m\u00f6chten \u2013 <strong>wir begleiten Sie bei jedem Vorhaben<\/strong>. Vom gro\u00dfangelegten Neubau bis zur hochwertigen Aufwertung Ihrer Doppelgarage \u2013 denn auch zwei Stellpl\u00e4tze verdienen ein durchdachtes Lichtkonzept, edle Materialien und eine Atmosph\u00e4re, die Ihrem Fahrzeug gerecht wird.\u00a0<\/p><p>Dabei bestimmen Sie den Umfang der Zusammenarbeit: Ob Sie nur Konzept und Design von uns w\u00fcnschen und die Umsetzung selbst in die Hand nehmen, oder ob wir das gesamte Projekt schl\u00fcsselfertig realisieren \u2013 wir passen uns Ihren Bed\u00fcrfnissen an. Kompromisslos in der Qualit\u00e4t, flexibel in der Zusammenarbeit.<\/p>\t\t\t\t\t\t\t\t<\/div>\n\t\t\t\t<\/div>\n\t\t\t\t<\/div>\n\t\t\t\t\t<\/details>\n\t\t\t\t\t\t<details id=\"e-n-accordion-item-1541\" class=\"e-n-accordion-item\" >\n\t\t\t\t<summary class=\"e-n-accordion-item-title\" data-accordion-index=\"2\" tabindex=\"-1\" aria-expanded=\"false\" aria-controls=\"e-n-accordion-item-1541\" >\n\t\t\t\t\t<span class='e-n-accordion-item-title-header'><div class=\"e-n-accordion-item-title-text\"> Wie l\u00e4uft ein Projekt von der ersten Idee bis zur Fertigstellung ab? <\/div><\/span>\n\t\t\t\t\t\t\t<span class='e-n-accordion-item-title-icon'>\n\t\t\t<span class='e-opened' ><svg aria-hidden=\"true\" class=\"e-font-icon-svg e-fas-minus\" viewBox=\"0 0 448 512\" xmlns=\"http:\/\/www.w3.org\/2000\/svg\"><path d=\"M416 208H32c-17.67 0-32 14.33-32 32v32c0 17.67 14.33 32 32 32h384c17.67 0 32-14.33 32-32v-32c0-17.67-14.33-32-32-32z\"><\/path><\/svg><\/span>\n\t\t\t<span class='e-closed'><svg aria-hidden=\"true\" class=\"e-font-icon-svg e-fas-plus\" viewBox=\"0 0 448 512\" xmlns=\"http:\/\/www.w3.org\/2000\/svg\"><path d=\"M416 208H272V64c0-17.67-14.33-32-32-32h-32c-17.67 0-32 14.33-32 32v144H32c-17.67 0-32 14.33-32 32v32c0 17.67 14.33 32 32 32h144v144c0 17.67 14.33 32 32 32h32c17.67 0 32-14.33 32-32V304h144c17.67 0 32-14.33 32-32v-32c0-17.67-14.33-32-32-32z\"><\/path><\/svg><\/span>\n\t\t<\/span>\n\n\t\t\t\t\t\t<\/summary>\n\t\t\t\t<div role=\"region\" aria-labelledby=\"e-n-accordion-item-1541\" class=\"elementor-element elementor-element-f7b6508 e-con-full e-flex e-con e-child\" data-id=\"f7b6508\" data-element_type=\"container\" data-settings=\"{&quot;background_background&quot;:&quot;gradient&quot;}\">\n\t\t\t\t<div class=\"elementor-element elementor-element-cf7a476 elementor-widget elementor-widget-text-editor\" data-id=\"cf7a476\" data-element_type=\"widget\" data-widget_type=\"text-editor.default\">\n\t\t\t\t<div class=\"elementor-widget-container\">\n\t\t\t\t\t\t\t\t\t<p>Wie l\u00e4uft ein Projekt von der ersten Idee bis zur Fertigstellung ab?<\/p><p>Unser Prozess ist ganzheitlich und in drei klare Phasen unterteilt:<\/p><ul><li><strong>Erfassung &amp; Konzeption:<\/strong> <br \/>Wir analysieren Ihre W\u00fcnsche sowie die architektonischen Gegebenheiten vor Ort und entwickeln darauf basierend ein ma\u00dfgeschneidertes Grundkonzept, das \u00c4sthetik und Funktionalit\u00e4t vereint.<br \/><br \/><\/li><li><strong>Planung &amp; Designprozess:<\/strong> <br \/>Die konzeptionellen Ideen werden in fotorealistische 3D-Visualisierungen bzw. 360\u00b0-Panoramatouren \u00fcbersetzt \u2013 auf einem Niveau, das im DACH-Raum seinesgleichen sucht. Sie sehen Ihr Projekt, bevor es gebaut wird: Sichtachsen, Materialien, Licht- und Medienplanung \u2013 alles erlebbar, bevor auch nur ein Handgriff getan wird. Das garantiert bestm\u00f6gliche Planungsqualit\u00e4t und maximale Entscheidungssicherheit.<br \/><br \/><\/li><li><strong>Projektumsetzung:<\/strong> <br \/>Hier bieten wir maximale Flexibilit\u00e4t: Wir integrieren uns nahtlos in bestehende Strukturen, falls Sie bereits eigene Planer oder Fachbetriebe involviert haben. Alternativ \u00fcbernehmen wir die gesamte Projektsteuerung \u2013 von der Koordination der Fachbetriebe \u00fcber das Projektmanagement bis zur termingerechten Umsetzung. Der hochspezialisierte Innenausbau erfolgt durch unser eigenes Inhouse-Team aus erfahrenen Elektronikern und Systemintegratoren \u2013 f\u00fcr ein Ergebnis, das keine Kompromisse kennt.<\/li><\/ul>\t\t\t\t\t\t\t\t<\/div>\n\t\t\t\t<\/div>\n\t\t\t\t<\/div>\n\t\t\t\t\t<\/details>\n\t\t\t\t\t\t<details id=\"e-n-accordion-item-1542\" class=\"e-n-accordion-item\" >\n\t\t\t\t<summary class=\"e-n-accordion-item-title\" data-accordion-index=\"3\" tabindex=\"-1\" aria-expanded=\"false\" aria-controls=\"e-n-accordion-item-1542\" >\n\t\t\t\t\t<span class='e-n-accordion-item-title-header'><div class=\"e-n-accordion-item-title-text\"> Arbeiten Sie auch im Ausland? <\/div><\/span>\n\t\t\t\t\t\t\t<span class='e-n-accordion-item-title-icon'>\n\t\t\t<span class='e-opened' ><svg aria-hidden=\"true\" class=\"e-font-icon-svg e-fas-minus\" viewBox=\"0 0 448 512\" xmlns=\"http:\/\/www.w3.org\/2000\/svg\"><path d=\"M416 208H32c-17.67 0-32 14.33-32 32v32c0 17.67 14.33 32 32 32h384c17.67 0 32-14.33 32-32v-32c0-17.67-14.33-32-32-32z\"><\/path><\/svg><\/span>\n\t\t\t<span class='e-closed'><svg aria-hidden=\"true\" class=\"e-font-icon-svg e-fas-plus\" viewBox=\"0 0 448 512\" xmlns=\"http:\/\/www.w3.org\/2000\/svg\"><path d=\"M416 208H272V64c0-17.67-14.33-32-32-32h-32c-17.67 0-32 14.33-32 32v144H32c-17.67 0-32 14.33-32 32v32c0 17.67 14.33 32 32 32h144v144c0 17.67 14.33 32 32 32h32c17.67 0 32-14.33 32-32V304h144c17.67 0 32-14.33 32-32v-32c0-17.67-14.33-32-32-32z\"><\/path><\/svg><\/span>\n\t\t<\/span>\n\n\t\t\t\t\t\t<\/summary>\n\t\t\t\t<div role=\"region\" aria-labelledby=\"e-n-accordion-item-1542\" class=\"elementor-element elementor-element-c886126 e-con-full e-flex e-con e-child\" data-id=\"c886126\" data-element_type=\"container\" data-settings=\"{&quot;background_background&quot;:&quot;gradient&quot;}\">\n\t\t\t\t<div class=\"elementor-element elementor-element-36526ce elementor-widget elementor-widget-text-editor\" data-id=\"36526ce\" data-element_type=\"widget\" data-widget_type=\"text-editor.default\">\n\t\t\t\t<div class=\"elementor-widget-container\">\n\t\t\t\t\t\t\t\t\t<p>Als spezialisierte Unit von BOND | Unique Homes\u00ae greifen wir auf ein erstklassiges Netzwerk zur\u00fcck, um anspruchsvolle Garagenprojekte auf h\u00f6chstem Niveau innerhalb Europas zu realisieren. Unser Fokus liegt auf der gesamten DACH-Region sowie den Benelux-Staaten.<\/p><p>Reine Planungst\u00e4tigkeiten realisieren wir <strong>weltweit<\/strong> \u2013 unser Team kommuniziert und projektiert dabei sicher auf Englisch.<\/p>\t\t\t\t\t\t\t\t<\/div>\n\t\t\t\t<\/div>\n\t\t\t\t<\/div>\n\t\t\t\t\t<\/details>\n\t\t\t\t\t\t<details id=\"e-n-accordion-item-1543\" class=\"e-n-accordion-item\" >\n\t\t\t\t<summary class=\"e-n-accordion-item-title\" data-accordion-index=\"4\" tabindex=\"-1\" aria-expanded=\"false\" aria-controls=\"e-n-accordion-item-1543\" >\n\t\t\t\t\t<span class='e-n-accordion-item-title-header'><div class=\"e-n-accordion-item-title-text\"> Wie lange dauert ein typisches Projekt? <\/div><\/span>\n\t\t\t\t\t\t\t<span class='e-n-accordion-item-title-icon'>\n\t\t\t<span class='e-opened' ><svg aria-hidden=\"true\" class=\"e-font-icon-svg e-fas-minus\" viewBox=\"0 0 448 512\" xmlns=\"http:\/\/www.w3.org\/2000\/svg\"><path d=\"M416 208H32c-17.67 0-32 14.33-32 32v32c0 17.67 14.33 32 32 32h384c17.67 0 32-14.33 32-32v-32c0-17.67-14.33-32-32-32z\"><\/path><\/svg><\/span>\n\t\t\t<span class='e-closed'><svg aria-hidden=\"true\" class=\"e-font-icon-svg e-fas-plus\" viewBox=\"0 0 448 512\" xmlns=\"http:\/\/www.w3.org\/2000\/svg\"><path d=\"M416 208H272V64c0-17.67-14.33-32-32-32h-32c-17.67 0-32 14.33-32 32v144H32c-17.67 0-32 14.33-32 32v32c0 17.67 14.33 32 32 32h144v144c0 17.67 14.33 32 32 32h32c17.67 0 32-14.33 32-32V304h144c17.67 0 32-14.33 32-32v-32c0-17.67-14.33-32-32-32z\"><\/path><\/svg><\/span>\n\t\t<\/span>\n\n\t\t\t\t\t\t<\/summary>\n\t\t\t\t<div role=\"region\" aria-labelledby=\"e-n-accordion-item-1543\" class=\"elementor-element elementor-element-ea6cca5 e-flex e-con-boxed e-con e-child\" data-id=\"ea6cca5\" data-element_type=\"container\" data-settings=\"{&quot;background_background&quot;:&quot;gradient&quot;}\">\n\t\t\t\t\t<div class=\"e-con-inner\">\n\t\t\t\t<div class=\"elementor-element elementor-element-55bf454 elementor-widget elementor-widget-text-editor\" data-id=\"55bf454\" data-element_type=\"widget\" data-widget_type=\"text-editor.default\">\n\t\t\t\t<div class=\"elementor-widget-container\">\n\t\t\t\t\t\t\t\t\t<p><strong>Planungsphase:<\/strong><br \/>Unsere Konzeptentwicklung startet innerhalb weniger Tage \u2013 ohne lange Vorlaufzeiten. Im Vergleich zu klassischen Planungsb\u00fcros sch\u00e4tzen unsere Kunden die Geschwindigkeit, mit der wir erste Ideen und Visualisierungen liefern.<br \/><br \/><strong>Realisierungsphase:<\/strong><br \/>Die Projektdauer richtet sich nach dem individuellen Umfang des Vorhabens. Ein entscheidender Zeitvorteil f\u00fcr Sie: Dank langj\u00e4hriger Partnerschaften mit spezialisierten Fachbetrieben stehen uns sofortige Kapazit\u00e4ten zur Verf\u00fcgung \u2013 ohne die branchen\u00fcblichen Wartezeiten bei den Gewerken.<\/p>\t\t\t\t\t\t\t\t<\/div>\n\t\t\t\t<\/div>\n\t\t\t\t\t<\/div>\n\t\t\t\t<\/div>\n\t\t\t\t\t<\/details>\n\t\t\t\t\t\t<details id=\"e-n-accordion-item-1544\" class=\"e-n-accordion-item\" >\n\t\t\t\t<summary class=\"e-n-accordion-item-title\" data-accordion-index=\"5\" tabindex=\"-1\" aria-expanded=\"false\" aria-controls=\"e-n-accordion-item-1544\" >\n\t\t\t\t\t<span class='e-n-accordion-item-title-header'><div class=\"e-n-accordion-item-title-text\"> Kann ich meine bestehende <a href=\"https:\/\/unique-garages.com\/en\/die-garage-im-wandel-der-zeit\/\">Garage<\/a> umbauen oder realisieren Sie nur Neubauten? <\/div><\/span>\n\t\t\t\t\t\t\t<span class='e-n-accordion-item-title-icon'>\n\t\t\t<span class='e-opened' ><svg aria-hidden=\"true\" class=\"e-font-icon-svg e-fas-minus\" viewBox=\"0 0 448 512\" xmlns=\"http:\/\/www.w3.org\/2000\/svg\"><path d=\"M416 208H32c-17.67 0-32 14.33-32 32v32c0 17.67 14.33 32 32 32h384c17.67 0 32-14.33 32-32v-32c0-17.67-14.33-32-32-32z\"><\/path><\/svg><\/span>\n\t\t\t<span class='e-closed'><svg aria-hidden=\"true\" class=\"e-font-icon-svg e-fas-plus\" viewBox=\"0 0 448 512\" xmlns=\"http:\/\/www.w3.org\/2000\/svg\"><path d=\"M416 208H272V64c0-17.67-14.33-32-32-32h-32c-17.67 0-32 14.33-32 32v144H32c-17.67 0-32 14.33-32 32v32c0 17.67 14.33 32 32 32h144v144c0 17.67 14.33 32 32 32h32c17.67 0 32-14.33 32-32V304h144c17.67 0 32-14.33 32-32v-32c0-17.67-14.33-32-32-32z\"><\/path><\/svg><\/span>\n\t\t<\/span>\n\n\t\t\t\t\t\t<\/summary>\n\t\t\t\t<div role=\"region\" aria-labelledby=\"e-n-accordion-item-1544\" class=\"elementor-element elementor-element-13f78ed e-flex e-con-boxed e-con e-child\" data-id=\"13f78ed\" data-element_type=\"container\" data-settings=\"{&quot;background_background&quot;:&quot;gradient&quot;}\">\n\t\t\t\t\t<div class=\"e-con-inner\">\n\t\t\t\t<div class=\"elementor-element elementor-element-8255f9c elementor-widget elementor-widget-text-editor\" data-id=\"8255f9c\" data-element_type=\"widget\" data-widget_type=\"text-editor.default\">\n\t\t\t\t<div class=\"elementor-widget-container\">\n\t\t\t\t\t\t\t\t\t<p class=\"font-claude-response-body break-words whitespace-normal leading-[1.7]\">Beides. Wir begleiten sowohl architektonische Neubauten als auch die exklusive Umgestaltung und Aufwertung bestehender Bestandsgaragen. Unser Portfolio reicht vom punktuellen Upgrade bis hin zur ganzheitlichen Neukonzeption weitl\u00e4ufiger Tiefgaragen.<\/p><p class=\"font-claude-response-body break-words whitespace-normal leading-[1.7]\">Eine unserer besonderen St\u00e4rken liegt in der Realisierung von Event-Garagen, die Ihre Fahrzeugsammlung ins Zentrum r\u00fccken \u2013 und zu einem echten Erlebnisraum werden. Ob Fitnessbereich mit Blick auf die Sammlung, eine Sauna als automobiles Refugium oder ein G\u00e4stebad, das die Fahrzeuge zur Kulisse macht: Wir denken die Garage neu \u2013 als Raum, der weit mehr ist als ein Stellplatz.<\/p>\t\t\t\t\t\t\t\t<\/div>\n\t\t\t\t<\/div>\n\t\t\t\t\t<\/div>\n\t\t\t\t<\/div>\n\t\t\t\t\t<\/details>\n\t\t\t\t\t\t<details id=\"e-n-accordion-item-1545\" class=\"e-n-accordion-item\" >\n\t\t\t\t<summary class=\"e-n-accordion-item-title\" data-accordion-index=\"6\" tabindex=\"-1\" aria-expanded=\"false\" aria-controls=\"e-n-accordion-item-1545\" >\n\t\t\t\t\t<span class='e-n-accordion-item-title-header'><div class=\"e-n-accordion-item-title-text\"> Welche Leistungen sind im Auftrag enthalten? <\/div><\/span>\n\t\t\t\t\t\t\t<span class='e-n-accordion-item-title-icon'>\n\t\t\t<span class='e-opened' ><svg aria-hidden=\"true\" class=\"e-font-icon-svg e-fas-minus\" viewBox=\"0 0 448 512\" xmlns=\"http:\/\/www.w3.org\/2000\/svg\"><path d=\"M416 208H32c-17.67 0-32 14.33-32 32v32c0 17.67 14.33 32 32 32h384c17.67 0 32-14.33 32-32v-32c0-17.67-14.33-32-32-32z\"><\/path><\/svg><\/span>\n\t\t\t<span class='e-closed'><svg aria-hidden=\"true\" class=\"e-font-icon-svg e-fas-plus\" viewBox=\"0 0 448 512\" xmlns=\"http:\/\/www.w3.org\/2000\/svg\"><path d=\"M416 208H272V64c0-17.67-14.33-32-32-32h-32c-17.67 0-32 14.33-32 32v144H32c-17.67 0-32 14.33-32 32v32c0 17.67 14.33 32 32 32h144v144c0 17.67 14.33 32 32 32h32c17.67 0 32-14.33 32-32V304h144c17.67 0 32-14.33 32-32v-32c0-17.67-14.33-32-32-32z\"><\/path><\/svg><\/span>\n\t\t<\/span>\n\n\t\t\t\t\t\t<\/summary>\n\t\t\t\t<div role=\"region\" aria-labelledby=\"e-n-accordion-item-1545\" class=\"elementor-element elementor-element-e013888 e-flex e-con-boxed e-con e-child\" data-id=\"e013888\" data-element_type=\"container\" data-settings=\"{&quot;background_background&quot;:&quot;gradient&quot;}\">\n\t\t\t\t\t<div class=\"e-con-inner\">\n\t\t\t\t<div class=\"elementor-element elementor-element-e1082fc elementor-widget elementor-widget-text-editor\" data-id=\"e1082fc\" data-element_type=\"widget\" data-widget_type=\"text-editor.default\">\n\t\t\t\t<div class=\"elementor-widget-container\">\n\t\t\t\t\t\t\t\t\t<p class=\"font-claude-response-body break-words whitespace-normal leading-[1.7]\">UNIQUE Garages bietet <strong>flexible Leistungspakete<\/strong> \u2013 vom reinen Konzept und Design bis zur vollst\u00e4ndigen Projektsteuerung. Je nach Bedarf integrieren wir: Innenarchitektur, Lichtplanung, Smart-Home, Sicherheitstechnik, Klimatechnik, Audio- und Videosysteme, technische Sonderbauten sowie Entertainment- und Wellnessbereiche wie Heimkino, Rennsimulator oder Sauna.<\/p><p class=\"font-claude-response-body break-words whitespace-normal leading-[1.7]\">Sie entscheiden, was Sie brauchen \u2013 wir liefern es auf h\u00f6chstem Niveau.<\/p>\t\t\t\t\t\t\t\t<\/div>\n\t\t\t\t<\/div>\n\t\t\t\t\t<\/div>\n\t\t\t\t<\/div>\n\t\t\t\t\t<\/details>\n\t\t\t\t\t\t<details id=\"e-n-accordion-item-1546\" class=\"e-n-accordion-item\" >\n\t\t\t\t<summary class=\"e-n-accordion-item-title\" data-accordion-index=\"7\" tabindex=\"-1\" aria-expanded=\"false\" aria-controls=\"e-n-accordion-item-1546\" >\n\t\t\t\t\t<span class='e-n-accordion-item-title-header'><div class=\"e-n-accordion-item-title-text\"> Wie nehme ich Kontakt auf und was passiert danach? <\/div><\/span>\n\t\t\t\t\t\t\t<span class='e-n-accordion-item-title-icon'>\n\t\t\t<span class='e-opened' ><svg aria-hidden=\"true\" class=\"e-font-icon-svg e-fas-minus\" viewBox=\"0 0 448 512\" xmlns=\"http:\/\/www.w3.org\/2000\/svg\"><path d=\"M416 208H32c-17.67 0-32 14.33-32 32v32c0 17.67 14.33 32 32 32h384c17.67 0 32-14.33 32-32v-32c0-17.67-14.33-32-32-32z\"><\/path><\/svg><\/span>\n\t\t\t<span class='e-closed'><svg aria-hidden=\"true\" class=\"e-font-icon-svg e-fas-plus\" viewBox=\"0 0 448 512\" xmlns=\"http:\/\/www.w3.org\/2000\/svg\"><path d=\"M416 208H272V64c0-17.67-14.33-32-32-32h-32c-17.67 0-32 14.33-32 32v144H32c-17.67 0-32 14.33-32 32v32c0 17.67 14.33 32 32 32h144v144c0 17.67 14.33 32 32 32h32c17.67 0 32-14.33 32-32V304h144c17.67 0 32-14.33 32-32v-32c0-17.67-14.33-32-32-32z\"><\/path><\/svg><\/span>\n\t\t<\/span>\n\n\t\t\t\t\t\t<\/summary>\n\t\t\t\t<div role=\"region\" aria-labelledby=\"e-n-accordion-item-1546\" class=\"elementor-element elementor-element-6ab8d34 e-flex e-con-boxed e-con e-child\" data-id=\"6ab8d34\" data-element_type=\"container\" data-settings=\"{&quot;background_background&quot;:&quot;gradient&quot;}\">\n\t\t\t\t\t<div class=\"e-con-inner\">\n\t\t\t\t<div class=\"elementor-element elementor-element-3b30a12 elementor-widget elementor-widget-text-editor\" data-id=\"3b30a12\" data-element_type=\"widget\" data-widget_type=\"text-editor.default\">\n\t\t\t\t<div class=\"elementor-widget-container\">\n\t\t\t\t\t\t\t\t\t<p><strong>Der erste Schritt zu Ihrer Unique Garage ist ganz unkompliziert.<\/strong><\/p><p>Senden Sie uns Ihre Anfrage sowie Ihre ersten Gedanken zum Projekt gerne per E-Mail an: <a href=\"mailto:info@unique-garages.com\">info@unique-garages.com<\/a><\/p><p>Falls Sie bereits Skizzen, Grundrisse oder Fotos der aktuellen Situation haben, k\u00f6nnen Sie uns diese gerne direkt mitsenden. So k\u00f6nnen wir uns optimal auf Ihr Vorhaben vorbereiten und von Beginn an gezielt mit Ihnen sprechen.<\/p><p>Lassen Sie uns dabei auch wissen, wann Sie f\u00fcr ein kurzes Erstgespr\u00e4ch am besten erreichbar sind. Basierend auf Ihren Informationen vereinbaren wir einen ersten, unverbindlichen Austausch &#8211; telefonisch oder per Videocall, um die Details Ihres Vorhabens zu besprechen.<\/p><p>Hierbei erhalten Sie von uns eine erste Einsch\u00e4tzung zum Rahmen und den M\u00f6glichkeiten Ihres Projekts.<\/p>\t\t\t\t\t\t\t\t<\/div>\n\t\t\t\t<\/div>\n\t\t\t\t\t<\/div>\n\t\t\t\t<\/div>\n\t\t\t\t\t<\/details>\n\t\t\t\t\t<\/div>\n\t\t\t\t\t\t<\/div>\n\t\t\t\t<\/div>\n\t\t\t\t\t<\/div>\n\t\t\t\t<\/div>\n\t\t<div class=\"elementor-element elementor-element-3c5fdc0 e-flex e-con-boxed e-con e-parent\" data-id=\"3c5fdc0\" data-element_type=\"container\" data-settings=\"{&quot;background_background&quot;:&quot;classic&quot;}\">\n\t\t\t\t\t<div class=\"e-con-inner\">\n\t\t\t\t<div class=\"elementor-element elementor-element-62c0daf elementor-widget elementor-widget-image\" data-id=\"62c0daf\" data-element_type=\"widget\" data-widget_type=\"image.default\">\n\t\t\t\t<div class=\"elementor-widget-container\">\n\t\t\t\t\t\t\t\t\t\t\t\t\t\t\t<img fetchpriority=\"high\" decoding=\"async\" width=\"1672\" height=\"941\" src=\"https:\/\/unique-garages.com\/wp-content\/uploads\/2026\/04\/exklusiver-garagenausbau.jpg\" class=\"attachment-full size-full wp-image-1523\" alt=\"Exklusiver Garagenausbau\" srcset=\"https:\/\/unique-garages.com\/wp-content\/uploads\/2026\/04\/exklusiver-garagenausbau.jpg 1672w, https:\/\/unique-garages.com\/wp-content\/uploads\/2026\/04\/exklusiver-garagenausbau-300x169.jpg 300w, https:\/\/unique-garages.com\/wp-content\/uploads\/2026\/04\/exklusiver-garagenausbau-1024x576.jpg 1024w, https:\/\/unique-garages.com\/wp-content\/uploads\/2026\/04\/exklusiver-garagenausbau-768x432.jpg 768w, https:\/\/unique-garages.com\/wp-content\/uploads\/2026\/04\/exklusiver-garagenausbau-1536x864.jpg 1536w, https:\/\/unique-garages.com\/wp-content\/uploads\/2026\/04\/exklusiver-garagenausbau-18x10.jpg 18w\" sizes=\"(max-width: 1672px) 100vw, 1672px\" title=\"\">\t\t\t\t\t\t\t\t\t\t\t\t\t\t\t<\/div>\n\t\t\t\t<\/div>\n\t\t\t\t\t<\/div>\n\t\t\t\t<\/div>\n\t\t\t\t<\/div>\n\t\t","protected":false},"excerpt":{"rendered":"<p>Sie haben Fragen Wir haben Antworten Hier finden Sie die wichtigsten Informationen rund um unsere Arbeitsweise, unser Leistungsangebot und den Weg zu Ihrem Projekt. Sollte Ihre Frage nicht dabei sein, sprechen Sie uns gerne direkt an oder schreiben Sie uns. F\u00fcr wen ist UNIQUE Garages das Richtige? UNIQUE Garages richtet sich an anspruchsvolle Sammler und [&hellip;]<\/p>\n","protected":false},"author":1,"featured_media":0,"parent":0,"menu_order":0,"comment_status":"closed","ping_status":"closed","template":"elementor_header_footer","meta":{"footnotes":""},"class_list":["post-1741","page","type-page","status-publish","hentry"],"_links":{"self":[{"href":"https:\/\/unique-garages.com\/en\/wp-json\/wp\/v2\/pages\/1741","targetHints":{"allow":["GET"]}}],"collection":[{"href":"https:\/\/unique-garages.com\/en\/wp-json\/wp\/v2\/pages"}],"about":[{"href":"https:\/\/unique-garages.com\/en\/wp-json\/wp\/v2\/types\/page"}],"author":[{"embeddable":true,"href":"https:\/\/unique-garages.com\/en\/wp-json\/wp\/v2\/users\/1"}],"replies":[{"embeddable":true,"href":"https:\/\/unique-garages.com\/en\/wp-json\/wp\/v2\/comments?post=1741"}],"version-history":[{"count":16,"href":"https:\/\/unique-garages.com\/en\/wp-json\/wp\/v2\/pages\/1741\/revisions"}],"predecessor-version":[{"id":1758,"href":"https:\/\/unique-garages.com\/en\/wp-json\/wp\/v2\/pages\/1741\/revisions\/1758"}],"wp:attachment":[{"href":"https:\/\/unique-garages.com\/en\/wp-json\/wp\/v2\/media?parent=1741"}],"curies":[{"name":"wp","href":"https:\/\/api.w.org\/{rel}","templated":true}]}}