{"id":592,"date":"2024-04-02T22:05:51","date_gmt":"2024-04-02T22:05:51","guid":{"rendered":"https:\/\/unique-garages.com\/?page_id=592"},"modified":"2025-10-01T19:50:42","modified_gmt":"2025-10-01T19:50:42","slug":"unique-garages-by-bond-unique-homes","status":"publish","type":"page","link":"https:\/\/unique-garages.com\/en\/unique-garages-by-bond-unique-homes\/","title":{"rendered":"UNIQUE Garages by BOND | Unique Homes \u00ae"},"content":{"rendered":"<div data-elementor-type=\"wp-page\" data-elementor-id=\"592\" class=\"elementor elementor-592\" data-elementor-post-type=\"page\">\n\t\t\t\t<div class=\"elementor-element elementor-element-7e0538e e-flex e-con-boxed e-con e-parent\" data-id=\"7e0538e\" data-element_type=\"container\">\n\t\t\t\t\t<div class=\"e-con-inner\">\n\t\t\t\t<div class=\"elementor-element elementor-element-29d6baf8 elementor-widget elementor-widget-heading\" data-id=\"29d6baf8\" data-element_type=\"widget\" data-widget_type=\"heading.default\">\n\t\t\t\t<div class=\"elementor-widget-container\">\n\t\t\t\t\t<h1 class=\"elementor-heading-title elementor-size-default\">UNIQUE Garages<\/h1>\t\t\t\t<\/div>\n\t\t\t\t<\/div>\n\t\t\t\t<div class=\"elementor-element elementor-element-712eb02 elementor-widget elementor-widget-heading\" data-id=\"712eb02\" data-element_type=\"widget\" data-widget_type=\"heading.default\">\n\t\t\t\t<div class=\"elementor-widget-container\">\n\t\t\t\t\t<h3 class=\"elementor-heading-title elementor-size-default\">by BOND | Unique Homes \u00ae<\/h3>\t\t\t\t<\/div>\n\t\t\t\t<\/div>\n\t\t\t\t\t<\/div>\n\t\t\t\t<\/div>\n\t\t<div class=\"elementor-element elementor-element-3bf60e1 e-flex e-con-boxed e-con e-parent\" data-id=\"3bf60e1\" data-element_type=\"container\">\n\t\t\t\t\t<div class=\"e-con-inner\">\n\t\t\t\t<div class=\"elementor-element elementor-element-997ea39 elementor-widget-divider--view-line elementor-widget elementor-widget-divider\" data-id=\"997ea39\" data-element_type=\"widget\" data-widget_type=\"divider.default\">\n\t\t\t\t<div class=\"elementor-widget-container\">\n\t\t\t\t\t\t\t<div class=\"elementor-divider\">\n\t\t\t<span class=\"elementor-divider-separator\">\n\t\t\t\t\t\t<\/span>\n\t\t<\/div>\n\t\t\t\t\t\t<\/div>\n\t\t\t\t<\/div>\n\t\t\t\t<div class=\"elementor-element elementor-element-6617e94 elementor-widget elementor-widget-heading\" data-id=\"6617e94\" data-element_type=\"widget\" data-widget_type=\"heading.default\">\n\t\t\t\t<div class=\"elementor-widget-container\">\n\t\t\t\t\t<h2 class=\"elementor-heading-title elementor-size-default\">UNIQUE Garages is a subsidiary of BOND | Unique Homes\u00ae, a company that represents modern architecture and sophisticated interior design with a distinct minimalist approach. BOND creates stylish living spaces that deliver exceptional quality of life for their residents. Their property and living concepts integrate cutting-edge technologies to ensure the highest levels of security, comfort, and entertainment. BOND manages every phase of the project, from designing holistic interior and spatial concepts to overseeing the entire construction process. <br><\/h2>\t\t\t\t<\/div>\n\t\t\t\t<\/div>\n\t\t\t\t\t<\/div>\n\t\t\t\t<\/div>\n\t\t<div class=\"elementor-element elementor-element-a102f69 e-con-full e-flex e-con e-parent\" data-id=\"a102f69\" data-element_type=\"container\" data-settings=\"{&quot;background_background&quot;:&quot;classic&quot;}\">\n\t\t\t\t<div class=\"elementor-element elementor-element-2ed536b elementor-widget elementor-widget-image\" data-id=\"2ed536b\" data-element_type=\"widget\" data-widget_type=\"image.default\">\n\t\t\t\t<div class=\"elementor-widget-container\">\n\t\t\t\t\t\t\t\t\t\t\t\t\t\t\t<img fetchpriority=\"high\" decoding=\"async\" width=\"800\" height=\"237\" src=\"https:\/\/unique-garages.com\/wp-content\/uploads\/2024\/04\/bond-unique-homes-logo-2.svg\" class=\"attachment-large size-large wp-image-617\" alt=\"\" title=\"\">\t\t\t\t\t\t\t\t\t\t\t\t\t\t\t<\/div>\n\t\t\t\t<\/div>\n\t\t\t\t<div class=\"elementor-element elementor-element-a0283c5 elementor-widget elementor-widget-gallery\" data-id=\"a0283c5\" data-element_type=\"widget\" data-settings=\"{&quot;gallery_layout&quot;:&quot;masonry&quot;,&quot;columns&quot;:7,&quot;gap&quot;:{&quot;unit&quot;:&quot;px&quot;,&quot;size&quot;:30,&quot;sizes&quot;:[]},&quot;lazyload&quot;:&quot;yes&quot;,&quot;columns_tablet&quot;:2,&quot;columns_mobile&quot;:1,&quot;gap_tablet&quot;:{&quot;unit&quot;:&quot;px&quot;,&quot;size&quot;:10,&quot;sizes&quot;:[]},&quot;gap_mobile&quot;:{&quot;unit&quot;:&quot;px&quot;,&quot;size&quot;:10,&quot;sizes&quot;:[]},&quot;link_to&quot;:&quot;file&quot;,&quot;overlay_background&quot;:&quot;yes&quot;,&quot;content_hover_animation&quot;:&quot;fade-in&quot;}\" data-widget_type=\"gallery.default\">\n\t\t\t\t<div class=\"elementor-widget-container\">\n\t\t\t\t\t\t\t<div class=\"elementor-gallery__container\">\n\t\t\t\t\t\t\t<a class=\"e-gallery-item elementor-gallery-item elementor-animated-content\" href=\"https:\/\/unique-garages.com\/wp-content\/uploads\/2024\/04\/heimkino-modern.webp\" data-elementor-open-lightbox=\"yes\" data-elementor-lightbox-slideshow=\"a0283c5\" data-e-action-hash=\"#elementor-action%3Aaction%3Dlightbox%26settings%3DeyJpZCI6NjA1LCJ1cmwiOiJodHRwczpcL1wvdW5pcXVlLWdhcmFnZXMuY29tXC93cC1jb250ZW50XC91cGxvYWRzXC8yMDI0XC8wNFwvaGVpbWtpbm8tbW9kZXJuLndlYnAiLCJzbGlkZXNob3ciOiJhMDI4M2M1In0%3D\">\n\t\t\t\t\t<div class=\"e-gallery-image elementor-gallery-item__image\" data-thumbnail=\"https:\/\/unique-garages.com\/wp-content\/uploads\/2024\/04\/heimkino-modern-768x512.webp\" data-width=\"768\" data-height=\"512\" aria-label=\"\" role=\"img\" ><\/div>\n\t\t\t\t\t\t\t\t\t\t\t<div class=\"elementor-gallery-item__overlay\"><\/div>\n\t\t\t\t\t\t\t\t\t\t\t\t\t\t<\/a>\n\t\t\t\t\t\t\t<a class=\"e-gallery-item elementor-gallery-item elementor-animated-content\" href=\"https:\/\/unique-garages.com\/wp-content\/uploads\/2024\/04\/immobilienentwicklung-bond.webp\" data-elementor-open-lightbox=\"yes\" data-elementor-lightbox-slideshow=\"a0283c5\" data-e-action-hash=\"#elementor-action%3Aaction%3Dlightbox%26settings%3DeyJpZCI6NjA2LCJ1cmwiOiJodHRwczpcL1wvdW5pcXVlLWdhcmFnZXMuY29tXC93cC1jb250ZW50XC91cGxvYWRzXC8yMDI0XC8wNFwvaW1tb2JpbGllbmVudHdpY2tsdW5nLWJvbmQud2VicCIsInNsaWRlc2hvdyI6ImEwMjgzYzUifQ%3D%3D\">\n\t\t\t\t\t<div class=\"e-gallery-image elementor-gallery-item__image\" data-thumbnail=\"https:\/\/unique-garages.com\/wp-content\/uploads\/2024\/04\/immobilienentwicklung-bond-768x512.webp\" data-width=\"768\" data-height=\"512\" aria-label=\"\" role=\"img\" ><\/div>\n\t\t\t\t\t\t\t\t\t\t\t<div class=\"elementor-gallery-item__overlay\"><\/div>\n\t\t\t\t\t\t\t\t\t\t\t\t\t\t<\/a>\n\t\t\t\t\t\t\t<a class=\"e-gallery-item elementor-gallery-item elementor-animated-content\" href=\"https:\/\/unique-garages.com\/wp-content\/uploads\/2024\/04\/lichtdesign-wohnzimmer.webp\" data-elementor-open-lightbox=\"yes\" data-elementor-lightbox-slideshow=\"a0283c5\" data-e-action-hash=\"#elementor-action%3Aaction%3Dlightbox%26settings%3DeyJpZCI6NjA4LCJ1cmwiOiJodHRwczpcL1wvdW5pcXVlLWdhcmFnZXMuY29tXC93cC1jb250ZW50XC91cGxvYWRzXC8yMDI0XC8wNFwvbGljaHRkZXNpZ24td29obnppbW1lci53ZWJwIiwic2xpZGVzaG93IjoiYTAyODNjNSJ9\">\n\t\t\t\t\t<div class=\"e-gallery-image elementor-gallery-item__image\" data-thumbnail=\"https:\/\/unique-garages.com\/wp-content\/uploads\/2024\/04\/lichtdesign-wohnzimmer-768x768.webp\" data-width=\"768\" data-height=\"768\" aria-label=\"\" role=\"img\" ><\/div>\n\t\t\t\t\t\t\t\t\t\t\t<div class=\"elementor-gallery-item__overlay\"><\/div>\n\t\t\t\t\t\t\t\t\t\t\t\t\t\t<\/a>\n\t\t\t\t\t\t\t<a class=\"e-gallery-item elementor-gallery-item elementor-animated-content\" href=\"https:\/\/unique-garages.com\/wp-content\/uploads\/2024\/04\/bond-villa-scaled.webp\" data-elementor-open-lightbox=\"yes\" data-elementor-lightbox-slideshow=\"a0283c5\" data-e-action-hash=\"#elementor-action%3Aaction%3Dlightbox%26settings%3DeyJpZCI6NjE4LCJ1cmwiOiJodHRwczpcL1wvdW5pcXVlLWdhcmFnZXMuY29tXC93cC1jb250ZW50XC91cGxvYWRzXC8yMDI0XC8wNFwvYm9uZC12aWxsYS1zY2FsZWQud2VicCIsInNsaWRlc2hvdyI6ImEwMjgzYzUifQ%3D%3D\">\n\t\t\t\t\t<div class=\"e-gallery-image elementor-gallery-item__image\" data-thumbnail=\"https:\/\/unique-garages.com\/wp-content\/uploads\/2024\/04\/bond-villa-768x310.webp\" data-width=\"768\" data-height=\"310\" aria-label=\"BOND Villa\" role=\"img\" ><\/div>\n\t\t\t\t\t\t\t\t\t\t\t<div class=\"elementor-gallery-item__overlay\"><\/div>\n\t\t\t\t\t\t\t\t\t\t\t\t\t\t<\/a>\n\t\t\t\t\t\t\t<a class=\"e-gallery-item elementor-gallery-item elementor-animated-content\" href=\"https:\/\/unique-garages.com\/wp-content\/uploads\/2024\/04\/wohnraum-aquarium.webp\" data-elementor-open-lightbox=\"yes\" data-elementor-lightbox-slideshow=\"a0283c5\" data-e-action-hash=\"#elementor-action%3Aaction%3Dlightbox%26settings%3DeyJpZCI6NjExLCJ1cmwiOiJodHRwczpcL1wvdW5pcXVlLWdhcmFnZXMuY29tXC93cC1jb250ZW50XC91cGxvYWRzXC8yMDI0XC8wNFwvd29obnJhdW0tYXF1YXJpdW0ud2VicCIsInNsaWRlc2hvdyI6ImEwMjgzYzUifQ%3D%3D\">\n\t\t\t\t\t<div class=\"e-gallery-image elementor-gallery-item__image\" data-thumbnail=\"https:\/\/unique-garages.com\/wp-content\/uploads\/2024\/04\/wohnraum-aquarium-768x715.webp\" data-width=\"768\" data-height=\"715\" aria-label=\"\" role=\"img\" ><\/div>\n\t\t\t\t\t\t\t\t\t\t\t<div class=\"elementor-gallery-item__overlay\"><\/div>\n\t\t\t\t\t\t\t\t\t\t\t\t\t\t<\/a>\n\t\t\t\t\t\t\t<a class=\"e-gallery-item elementor-gallery-item elementor-animated-content\" href=\"https:\/\/unique-garages.com\/wp-content\/uploads\/2024\/09\/bond-villa-aussen.jpg\" data-elementor-open-lightbox=\"yes\" data-elementor-lightbox-slideshow=\"a0283c5\" data-e-action-hash=\"#elementor-action%3Aaction%3Dlightbox%26settings%3DeyJpZCI6MTE2NSwidXJsIjoiaHR0cHM6XC9cL3VuaXF1ZS1nYXJhZ2VzLmNvbVwvd3AtY29udGVudFwvdXBsb2Fkc1wvMjAyNFwvMDlcL2JvbmQtdmlsbGEtYXVzc2VuLmpwZyIsInNsaWRlc2hvdyI6ImEwMjgzYzUifQ%3D%3D\">\n\t\t\t\t\t<div class=\"e-gallery-image elementor-gallery-item__image\" data-thumbnail=\"https:\/\/unique-garages.com\/wp-content\/uploads\/2024\/09\/bond-villa-aussen-768x512.jpg\" data-width=\"768\" data-height=\"512\" aria-label=\"BOND Villa au\u00dfen\" role=\"img\" ><\/div>\n\t\t\t\t\t\t\t\t\t\t\t<div class=\"elementor-gallery-item__overlay\"><\/div>\n\t\t\t\t\t\t\t\t\t\t\t\t\t\t<\/a>\n\t\t\t\t\t\t\t<a class=\"e-gallery-item elementor-gallery-item elementor-animated-content\" href=\"https:\/\/unique-garages.com\/wp-content\/uploads\/2024\/04\/interior-design-penthouse-1.webp\" data-elementor-open-lightbox=\"yes\" data-elementor-lightbox-slideshow=\"a0283c5\" data-e-action-hash=\"#elementor-action%3Aaction%3Dlightbox%26settings%3DeyJpZCI6NjA3LCJ1cmwiOiJodHRwczpcL1wvdW5pcXVlLWdhcmFnZXMuY29tXC93cC1jb250ZW50XC91cGxvYWRzXC8yMDI0XC8wNFwvaW50ZXJpb3ItZGVzaWduLXBlbnRob3VzZS0xLndlYnAiLCJzbGlkZXNob3ciOiJhMDI4M2M1In0%3D\">\n\t\t\t\t\t<div class=\"e-gallery-image elementor-gallery-item__image\" data-thumbnail=\"https:\/\/unique-garages.com\/wp-content\/uploads\/2024\/04\/interior-design-penthouse-1-768x512.webp\" data-width=\"768\" data-height=\"512\" aria-label=\"\" role=\"img\" ><\/div>\n\t\t\t\t\t\t\t\t\t\t\t<div class=\"elementor-gallery-item__overlay\"><\/div>\n\t\t\t\t\t\t\t\t\t\t\t\t\t\t<\/a>\n\t\t\t\t\t\t\t<a class=\"e-gallery-item elementor-gallery-item elementor-animated-content\" href=\"https:\/\/unique-garages.com\/wp-content\/uploads\/2024\/04\/villenentwicklung-nrw.webp\" data-elementor-open-lightbox=\"yes\" data-elementor-lightbox-slideshow=\"a0283c5\" data-e-action-hash=\"#elementor-action%3Aaction%3Dlightbox%26settings%3DeyJpZCI6NjEwLCJ1cmwiOiJodHRwczpcL1wvdW5pcXVlLWdhcmFnZXMuY29tXC93cC1jb250ZW50XC91cGxvYWRzXC8yMDI0XC8wNFwvdmlsbGVuZW50d2lja2x1bmctbnJ3LndlYnAiLCJzbGlkZXNob3ciOiJhMDI4M2M1In0%3D\">\n\t\t\t\t\t<div class=\"e-gallery-image elementor-gallery-item__image\" data-thumbnail=\"https:\/\/unique-garages.com\/wp-content\/uploads\/2024\/04\/villenentwicklung-nrw-768x512.webp\" data-width=\"768\" data-height=\"512\" aria-label=\"\" role=\"img\" ><\/div>\n\t\t\t\t\t\t\t\t\t\t\t<div class=\"elementor-gallery-item__overlay\"><\/div>\n\t\t\t\t\t\t\t\t\t\t\t\t\t\t<\/a>\n\t\t\t\t\t<\/div>\n\t\t\t\t\t<\/div>\n\t\t\t\t<\/div>\n\t\t<div class=\"elementor-element elementor-element-3619cb2 e-flex e-con-boxed e-con e-child\" data-id=\"3619cb2\" data-element_type=\"container\">\n\t\t\t\t\t<div class=\"e-con-inner\">\n\t\t\t\t<div class=\"elementor-element elementor-element-8c2eb23 elementor-widget elementor-widget-text-editor\" data-id=\"8c2eb23\" data-element_type=\"widget\" data-widget_type=\"text-editor.default\">\n\t\t\t\t<div class=\"elementor-widget-container\">\n\t\t\t\t\t\t\t\t\t<p>View our website:&nbsp;<a href=\"https:\/\/bond-life.com\/\" target=\"_blank\" rel=\"noopener\">www.bond-life.com<\/a><\/p>\t\t\t\t\t\t\t\t<\/div>\n\t\t\t\t<\/div>\n\t\t\t\t\t<\/div>\n\t\t\t\t<\/div>\n\t\t\t\t<\/div>\n\t\t\t\t<section class=\"elementor-section elementor-top-section elementor-element elementor-element-79ff1f3 elementor-section-full_width elementor-section-height-default elementor-section-height-default\" data-id=\"79ff1f3\" data-element_type=\"section\" data-settings=\"{&quot;background_background&quot;:&quot;gradient&quot;}\">\n\t\t\t\t\t\t<div class=\"elementor-container elementor-column-gap-no\">\n\t\t\t\t\t<div class=\"elementor-column elementor-col-100 elementor-top-column elementor-element elementor-element-0e25a33\" data-id=\"0e25a33\" data-element_type=\"column\">\n\t\t\t<div class=\"elementor-widget-wrap\">\n\t\t\t\t\t\t\t<\/div>\n\t\t<\/div>\n\t\t\t\t\t<\/div>\n\t\t<\/section>\n\t\t<div class=\"elementor-element elementor-element-a60212a e-flex e-con-boxed e-con e-parent\" data-id=\"a60212a\" data-element_type=\"container\">\n\t\t\t\t\t<div class=\"e-con-inner\">\n\t\t\t\t<div class=\"elementor-element elementor-element-1dd934d elementor-widget elementor-widget-text-editor\" data-id=\"1dd934d\" data-element_type=\"widget\" data-widget_type=\"text-editor.default\">\n\t\t\t\t<div class=\"elementor-widget-container\">\n\t\t\t\t\t\t\t\t\t<p>Visit our DESIGN.SMART.HOME exhibitions \u2014 among the most renowned showrooms for innovative living concepts in Germany. Together with leading industry partners and some 30 owner-managed companies, we present the latest trends and product innovations in upscale living.\u00a0<\/p>\t\t\t\t\t\t\t\t<\/div>\n\t\t\t\t<\/div>\n\t\t\t\t\t<\/div>\n\t\t\t\t<\/div>\n\t\t<div class=\"elementor-element elementor-element-40cb538 e-con-full e-flex e-con e-parent\" data-id=\"40cb538\" data-element_type=\"container\" data-settings=\"{&quot;background_background&quot;:&quot;classic&quot;}\">\n\t\t\t\t<div class=\"elementor-element elementor-element-009acaf elementor-widget elementor-widget-gallery\" data-id=\"009acaf\" data-element_type=\"widget\" data-settings=\"{&quot;gallery_layout&quot;:&quot;masonry&quot;,&quot;columns&quot;:6,&quot;gap&quot;:{&quot;unit&quot;:&quot;px&quot;,&quot;size&quot;:30,&quot;sizes&quot;:[]},&quot;columns_tablet&quot;:3,&quot;columns_mobile&quot;:2,&quot;lazyload&quot;:&quot;yes&quot;,&quot;gap_tablet&quot;:{&quot;unit&quot;:&quot;px&quot;,&quot;size&quot;:10,&quot;sizes&quot;:[]},&quot;gap_mobile&quot;:{&quot;unit&quot;:&quot;px&quot;,&quot;size&quot;:10,&quot;sizes&quot;:[]},&quot;link_to&quot;:&quot;file&quot;,&quot;overlay_background&quot;:&quot;yes&quot;,&quot;content_hover_animation&quot;:&quot;fade-in&quot;}\" data-widget_type=\"gallery.default\">\n\t\t\t\t<div class=\"elementor-widget-container\">\n\t\t\t\t\t\t\t<div class=\"elementor-gallery__container\">\n\t\t\t\t\t\t\t<a class=\"e-gallery-item elementor-gallery-item elementor-animated-content\" href=\"https:\/\/unique-garages.com\/wp-content\/uploads\/2024\/04\/wohnideen-ausstellung-essen-2.webp\" data-elementor-open-lightbox=\"yes\" data-elementor-lightbox-slideshow=\"009acaf\" data-e-action-hash=\"#elementor-action%3Aaction%3Dlightbox%26settings%3DeyJpZCI6NjI2LCJ1cmwiOiJodHRwczpcL1wvdW5pcXVlLWdhcmFnZXMuY29tXC93cC1jb250ZW50XC91cGxvYWRzXC8yMDI0XC8wNFwvd29obmlkZWVuLWF1c3N0ZWxsdW5nLWVzc2VuLTIud2VicCIsInNsaWRlc2hvdyI6IjAwOWFjYWYifQ%3D%3D\">\n\t\t\t\t\t<div class=\"e-gallery-image elementor-gallery-item__image\" data-thumbnail=\"https:\/\/unique-garages.com\/wp-content\/uploads\/2024\/04\/wohnideen-ausstellung-essen-2-768x509.webp\" data-width=\"768\" data-height=\"509\" aria-label=\"\" role=\"img\" ><\/div>\n\t\t\t\t\t\t\t\t\t\t\t<div class=\"elementor-gallery-item__overlay\"><\/div>\n\t\t\t\t\t\t\t\t\t\t\t\t\t\t<\/a>\n\t\t\t\t\t\t\t<a class=\"e-gallery-item elementor-gallery-item elementor-animated-content\" href=\"https:\/\/unique-garages.com\/wp-content\/uploads\/2024\/04\/wohnideen-koeln.webp\" data-elementor-open-lightbox=\"yes\" data-elementor-lightbox-slideshow=\"009acaf\" data-e-action-hash=\"#elementor-action%3Aaction%3Dlightbox%26settings%3DeyJpZCI6NjI4LCJ1cmwiOiJodHRwczpcL1wvdW5pcXVlLWdhcmFnZXMuY29tXC93cC1jb250ZW50XC91cGxvYWRzXC8yMDI0XC8wNFwvd29obmlkZWVuLWtvZWxuLndlYnAiLCJzbGlkZXNob3ciOiIwMDlhY2FmIn0%3D\">\n\t\t\t\t\t<div class=\"e-gallery-image elementor-gallery-item__image\" data-thumbnail=\"https:\/\/unique-garages.com\/wp-content\/uploads\/2024\/04\/wohnideen-koeln-768x512.webp\" data-width=\"768\" data-height=\"512\" aria-label=\"wohnideen-koeln\" role=\"img\" ><\/div>\n\t\t\t\t\t\t\t\t\t\t\t<div class=\"elementor-gallery-item__overlay\"><\/div>\n\t\t\t\t\t\t\t\t\t\t\t\t\t\t<\/a>\n\t\t\t\t\t\t\t<a class=\"e-gallery-item elementor-gallery-item elementor-animated-content\" href=\"https:\/\/unique-garages.com\/wp-content\/uploads\/2024\/09\/licht.jpg\" data-elementor-open-lightbox=\"yes\" data-elementor-lightbox-slideshow=\"009acaf\" data-e-action-hash=\"#elementor-action%3Aaction%3Dlightbox%26settings%3DeyJpZCI6MTE4NCwidXJsIjoiaHR0cHM6XC9cL3VuaXF1ZS1nYXJhZ2VzLmNvbVwvd3AtY29udGVudFwvdXBsb2Fkc1wvMjAyNFwvMDlcL2xpY2h0LmpwZyIsInNsaWRlc2hvdyI6IjAwOWFjYWYifQ%3D%3D\">\n\t\t\t\t\t<div class=\"e-gallery-image elementor-gallery-item__image\" data-thumbnail=\"https:\/\/unique-garages.com\/wp-content\/uploads\/2024\/09\/licht-768x512.jpg\" data-width=\"768\" data-height=\"512\" aria-label=\"Licht\" role=\"img\" ><\/div>\n\t\t\t\t\t\t\t\t\t\t\t<div class=\"elementor-gallery-item__overlay\"><\/div>\n\t\t\t\t\t\t\t\t\t\t\t\t\t\t<\/a>\n\t\t\t\t\t\t\t<a class=\"e-gallery-item elementor-gallery-item elementor-animated-content\" href=\"https:\/\/unique-garages.com\/wp-content\/uploads\/2024\/09\/medienwand.jpg\" data-elementor-open-lightbox=\"yes\" data-elementor-lightbox-slideshow=\"009acaf\" data-e-action-hash=\"#elementor-action%3Aaction%3Dlightbox%26settings%3DeyJpZCI6MTE4NSwidXJsIjoiaHR0cHM6XC9cL3VuaXF1ZS1nYXJhZ2VzLmNvbVwvd3AtY29udGVudFwvdXBsb2Fkc1wvMjAyNFwvMDlcL21lZGllbndhbmQuanBnIiwic2xpZGVzaG93IjoiMDA5YWNhZiJ9\">\n\t\t\t\t\t<div class=\"e-gallery-image elementor-gallery-item__image\" data-thumbnail=\"https:\/\/unique-garages.com\/wp-content\/uploads\/2024\/09\/medienwand-768x512.jpg\" data-width=\"768\" data-height=\"512\" aria-label=\"Medienwand\" role=\"img\" ><\/div>\n\t\t\t\t\t\t\t\t\t\t\t<div class=\"elementor-gallery-item__overlay\"><\/div>\n\t\t\t\t\t\t\t\t\t\t\t\t\t\t<\/a>\n\t\t\t\t\t\t\t<a class=\"e-gallery-item elementor-gallery-item elementor-animated-content\" href=\"https:\/\/unique-garages.com\/wp-content\/uploads\/2024\/09\/showroom.jpg\" data-elementor-open-lightbox=\"yes\" data-elementor-lightbox-slideshow=\"009acaf\" data-e-action-hash=\"#elementor-action%3Aaction%3Dlightbox%26settings%3DeyJpZCI6MTE4NiwidXJsIjoiaHR0cHM6XC9cL3VuaXF1ZS1nYXJhZ2VzLmNvbVwvd3AtY29udGVudFwvdXBsb2Fkc1wvMjAyNFwvMDlcL3Nob3dyb29tLmpwZyIsInNsaWRlc2hvdyI6IjAwOWFjYWYifQ%3D%3D\">\n\t\t\t\t\t<div class=\"e-gallery-image elementor-gallery-item__image\" data-thumbnail=\"https:\/\/unique-garages.com\/wp-content\/uploads\/2024\/09\/showroom-768x512.jpg\" data-width=\"768\" data-height=\"512\" aria-label=\"Showroom\" role=\"img\" ><\/div>\n\t\t\t\t\t\t\t\t\t\t\t<div class=\"elementor-gallery-item__overlay\"><\/div>\n\t\t\t\t\t\t\t\t\t\t\t\t\t\t<\/a>\n\t\t\t\t\t\t\t<a class=\"e-gallery-item elementor-gallery-item elementor-animated-content\" href=\"https:\/\/unique-garages.com\/wp-content\/uploads\/2024\/09\/tv.jpg\" data-elementor-open-lightbox=\"yes\" data-elementor-lightbox-slideshow=\"009acaf\" data-e-action-hash=\"#elementor-action%3Aaction%3Dlightbox%26settings%3DeyJpZCI6MTE4NywidXJsIjoiaHR0cHM6XC9cL3VuaXF1ZS1nYXJhZ2VzLmNvbVwvd3AtY29udGVudFwvdXBsb2Fkc1wvMjAyNFwvMDlcL3R2LmpwZyIsInNsaWRlc2hvdyI6IjAwOWFjYWYifQ%3D%3D\">\n\t\t\t\t\t<div class=\"e-gallery-image elementor-gallery-item__image\" data-thumbnail=\"https:\/\/unique-garages.com\/wp-content\/uploads\/2024\/09\/tv-768x512.jpg\" data-width=\"768\" data-height=\"512\" aria-label=\"TV\" role=\"img\" ><\/div>\n\t\t\t\t\t\t\t\t\t\t\t<div class=\"elementor-gallery-item__overlay\"><\/div>\n\t\t\t\t\t\t\t\t\t\t\t\t\t\t<\/a>\n\t\t\t\t\t\t\t<a class=\"e-gallery-item elementor-gallery-item elementor-animated-content\" href=\"https:\/\/unique-garages.com\/wp-content\/uploads\/2024\/04\/audio-und-video-essen.webp\" data-elementor-open-lightbox=\"yes\" data-elementor-lightbox-slideshow=\"009acaf\" data-e-action-hash=\"#elementor-action%3Aaction%3Dlightbox%26settings%3DeyJpZCI6NjE5LCJ1cmwiOiJodHRwczpcL1wvdW5pcXVlLWdhcmFnZXMuY29tXC93cC1jb250ZW50XC91cGxvYWRzXC8yMDI0XC8wNFwvYXVkaW8tdW5kLXZpZGVvLWVzc2VuLndlYnAiLCJzbGlkZXNob3ciOiIwMDlhY2FmIn0%3D\">\n\t\t\t\t\t<div class=\"e-gallery-image elementor-gallery-item__image\" data-thumbnail=\"https:\/\/unique-garages.com\/wp-content\/uploads\/2024\/04\/audio-und-video-essen.webp\" data-width=\"600\" data-height=\"800\" aria-label=\"\" role=\"img\" ><\/div>\n\t\t\t\t\t\t\t\t\t\t\t<div class=\"elementor-gallery-item__overlay\"><\/div>\n\t\t\t\t\t\t\t\t\t\t\t\t\t\t<\/a>\n\t\t\t\t\t\t\t<a class=\"e-gallery-item elementor-gallery-item elementor-animated-content\" href=\"https:\/\/unique-garages.com\/wp-content\/uploads\/2024\/04\/heimkino-design-koeln.webp\" data-elementor-open-lightbox=\"yes\" data-elementor-lightbox-slideshow=\"009acaf\" data-e-action-hash=\"#elementor-action%3Aaction%3Dlightbox%26settings%3DeyJpZCI6NjIwLCJ1cmwiOiJodHRwczpcL1wvdW5pcXVlLWdhcmFnZXMuY29tXC93cC1jb250ZW50XC91cGxvYWRzXC8yMDI0XC8wNFwvaGVpbWtpbm8tZGVzaWduLWtvZWxuLndlYnAiLCJzbGlkZXNob3ciOiIwMDlhY2FmIn0%3D\">\n\t\t\t\t\t<div class=\"e-gallery-image elementor-gallery-item__image\" data-thumbnail=\"https:\/\/unique-garages.com\/wp-content\/uploads\/2024\/04\/heimkino-design-koeln.webp\" data-width=\"600\" data-height=\"800\" aria-label=\"\" role=\"img\" ><\/div>\n\t\t\t\t\t\t\t\t\t\t\t<div class=\"elementor-gallery-item__overlay\"><\/div>\n\t\t\t\t\t\t\t\t\t\t\t\t\t\t<\/a>\n\t\t\t\t\t\t\t<a class=\"e-gallery-item elementor-gallery-item elementor-animated-content\" href=\"https:\/\/unique-garages.com\/wp-content\/uploads\/2024\/04\/Wohnideen-4.webp\" data-elementor-open-lightbox=\"yes\" data-elementor-lightbox-slideshow=\"009acaf\" data-e-action-hash=\"#elementor-action%3Aaction%3Dlightbox%26settings%3DeyJpZCI6NjI1LCJ1cmwiOiJodHRwczpcL1wvdW5pcXVlLWdhcmFnZXMuY29tXC93cC1jb250ZW50XC91cGxvYWRzXC8yMDI0XC8wNFwvV29obmlkZWVuLTQud2VicCIsInNsaWRlc2hvdyI6IjAwOWFjYWYifQ%3D%3D\">\n\t\t\t\t\t<div class=\"e-gallery-image elementor-gallery-item__image\" data-thumbnail=\"https:\/\/unique-garages.com\/wp-content\/uploads\/2024\/04\/Wohnideen-4.webp\" data-width=\"600\" data-height=\"800\" aria-label=\"\" role=\"img\" ><\/div>\n\t\t\t\t\t\t\t\t\t\t\t<div class=\"elementor-gallery-item__overlay\"><\/div>\n\t\t\t\t\t\t\t\t\t\t\t\t\t\t<\/a>\n\t\t\t\t\t\t\t<a class=\"e-gallery-item elementor-gallery-item elementor-animated-content\" href=\"https:\/\/unique-garages.com\/wp-content\/uploads\/2024\/04\/kuechenplanung-wohnideen.webp\" data-elementor-open-lightbox=\"yes\" data-elementor-lightbox-slideshow=\"009acaf\" data-e-action-hash=\"#elementor-action%3Aaction%3Dlightbox%26settings%3DeyJpZCI6NjIxLCJ1cmwiOiJodHRwczpcL1wvdW5pcXVlLWdhcmFnZXMuY29tXC93cC1jb250ZW50XC91cGxvYWRzXC8yMDI0XC8wNFwva3VlY2hlbnBsYW51bmctd29obmlkZWVuLndlYnAiLCJzbGlkZXNob3ciOiIwMDlhY2FmIn0%3D\">\n\t\t\t\t\t<div class=\"e-gallery-image elementor-gallery-item__image\" data-thumbnail=\"https:\/\/unique-garages.com\/wp-content\/uploads\/2024\/04\/kuechenplanung-wohnideen.webp\" data-width=\"600\" data-height=\"800\" aria-label=\"\" role=\"img\" ><\/div>\n\t\t\t\t\t\t\t\t\t\t\t<div class=\"elementor-gallery-item__overlay\"><\/div>\n\t\t\t\t\t\t\t\t\t\t\t\t\t\t<\/a>\n\t\t\t\t\t\t\t<a class=\"e-gallery-item elementor-gallery-item elementor-animated-content\" href=\"https:\/\/unique-garages.com\/wp-content\/uploads\/2024\/04\/stoffe-und-dekoration.webp\" data-elementor-open-lightbox=\"yes\" data-elementor-lightbox-slideshow=\"009acaf\" data-e-action-hash=\"#elementor-action%3Aaction%3Dlightbox%26settings%3DeyJpZCI6NjIzLCJ1cmwiOiJodHRwczpcL1wvdW5pcXVlLWdhcmFnZXMuY29tXC93cC1jb250ZW50XC91cGxvYWRzXC8yMDI0XC8wNFwvc3RvZmZlLXVuZC1kZWtvcmF0aW9uLndlYnAiLCJzbGlkZXNob3ciOiIwMDlhY2FmIn0%3D\">\n\t\t\t\t\t<div class=\"e-gallery-image elementor-gallery-item__image\" data-thumbnail=\"https:\/\/unique-garages.com\/wp-content\/uploads\/2024\/04\/stoffe-und-dekoration.webp\" data-width=\"600\" data-height=\"800\" aria-label=\"\" role=\"img\" ><\/div>\n\t\t\t\t\t\t\t\t\t\t\t<div class=\"elementor-gallery-item__overlay\"><\/div>\n\t\t\t\t\t\t\t\t\t\t\t\t\t\t<\/a>\n\t\t\t\t\t\t\t<a class=\"e-gallery-item elementor-gallery-item elementor-animated-content\" href=\"https:\/\/unique-garages.com\/wp-content\/uploads\/2024\/04\/ueberwachungstechnik.webp\" data-elementor-open-lightbox=\"yes\" data-elementor-lightbox-slideshow=\"009acaf\" data-e-action-hash=\"#elementor-action%3Aaction%3Dlightbox%26settings%3DeyJpZCI6NjI0LCJ1cmwiOiJodHRwczpcL1wvdW5pcXVlLWdhcmFnZXMuY29tXC93cC1jb250ZW50XC91cGxvYWRzXC8yMDI0XC8wNFwvdWViZXJ3YWNodW5nc3RlY2huaWsud2VicCIsInNsaWRlc2hvdyI6IjAwOWFjYWYifQ%3D%3D\">\n\t\t\t\t\t<div class=\"e-gallery-image elementor-gallery-item__image\" data-thumbnail=\"https:\/\/unique-garages.com\/wp-content\/uploads\/2024\/04\/ueberwachungstechnik.webp\" data-width=\"600\" data-height=\"800\" aria-label=\"\" role=\"img\" ><\/div>\n\t\t\t\t\t\t\t\t\t\t\t<div class=\"elementor-gallery-item__overlay\"><\/div>\n\t\t\t\t\t\t\t\t\t\t\t\t\t\t<\/a>\n\t\t\t\t\t<\/div>\n\t\t\t\t\t<\/div>\n\t\t\t\t<\/div>\n\t\t\t\t<\/div>\n\t\t\t\t<\/div>","protected":false},"excerpt":{"rendered":"<p>UNIQUE Garages by BOND | Unique Homes \u00ae UNIQUE Garages ist eine Ausgr\u00fcndung von BOND | Unique Homes \u00ae, einem Unternehmen, das moderne Architektur und elegantes Interior Design mit einem klaren, minimalistischen Stil verk\u00f6rpert. BOND entwickelt stilvolle Wohnwelten, die ihren Bewohnern h\u00f6chste Lebensqualit\u00e4t bieten. Die Immobilien- und Wohnkonzepte integrieren neueste Technologien, um ein H\u00f6chstma\u00df an [&hellip;]<\/p>","protected":false},"author":1,"featured_media":0,"parent":0,"menu_order":0,"comment_status":"closed","ping_status":"closed","template":"elementor_header_footer","meta":{"footnotes":""},"class_list":["post-592","page","type-page","status-publish","hentry"],"_links":{"self":[{"href":"https:\/\/unique-garages.com\/en\/wp-json\/wp\/v2\/pages\/592","targetHints":{"allow":["GET"]}}],"collection":[{"href":"https:\/\/unique-garages.com\/en\/wp-json\/wp\/v2\/pages"}],"about":[{"href":"https:\/\/unique-garages.com\/en\/wp-json\/wp\/v2\/types\/page"}],"author":[{"embeddable":true,"href":"https:\/\/unique-garages.com\/en\/wp-json\/wp\/v2\/users\/1"}],"replies":[{"embeddable":true,"href":"https:\/\/unique-garages.com\/en\/wp-json\/wp\/v2\/comments?post=592"}],"version-history":[{"count":40,"href":"https:\/\/unique-garages.com\/en\/wp-json\/wp\/v2\/pages\/592\/revisions"}],"predecessor-version":[{"id":1468,"href":"https:\/\/unique-garages.com\/en\/wp-json\/wp\/v2\/pages\/592\/revisions\/1468"}],"wp:attachment":[{"href":"https:\/\/unique-garages.com\/en\/wp-json\/wp\/v2\/media?parent=592"}],"curies":[{"name":"wp","href":"https:\/\/api.w.org\/{rel}","templated":true}]}}